{"id":4587,"date":"2026-01-25T11:11:00","date_gmt":"2026-01-25T11:11:00","guid":{"rendered":"https:\/\/www.salutementis.com\/ueber-mich\/"},"modified":"2026-01-25T15:11:51","modified_gmt":"2026-01-25T15:11:51","slug":"ueber-mich","status":"publish","type":"page","link":"https:\/\/www.salutementis.com\/de\/ueber-mich\/","title":{"rendered":"\u00dcber mich"},"content":{"rendered":"\n<h1>\n\t\tDott.ssa Alexandra Viechtbauer\n\t<\/h1>\n<h3>\n\t\tPsychologin und Psychotherapeutin, EMDR-Therapeutin, Mindfulness teacher\n\t<\/h3>\n\t\t\t\t<img loading=\"lazy\" src=\"https:\/\/www.salutementis.com\/wp-content\/uploads\/2026\/01\/alexandra_studio_2-1024x681.jpg\" alt=\"alexandra_studio_2\" itemprop=\"image\" height=\"681\" width=\"1024\" title=\"alexandra_studio_2\" onerror=\"this.style.display='none'\"  \/>\n\t<p>Mein Interesse f\u00fcr Psychologie und innere Prozesse entstand fr\u00fch, bereits w\u00e4hrend meiner Gymnasialzeit, aus dem Wunsch heraus zu verstehen, wie Menschen mit Schwierigkeiten umgehen, Erfahrungen einen Sinn verleihen und in Phasen des Wandels nach Orientierung suchen.<\/p>\n<p>Nach meinem Studium der Psychologie und den ersten Jahren meiner beruflichen Erfahrung zog ich nach Italien. Die Auseinandersetzung mit einem kulturellen und sprachlichen Wandel stellte f\u00fcr mich eine gro\u00dfe Bereicherung dar, zugleich aber auch eine offene Frage: Wo findet sich im Laufe der Zeit das eigene Gef\u00fchl von Zuhause, die eigene Heimat?<\/p>\n<p>Das Leben und Arbeiten in unterschiedlichen Kontexten hat meinen Blick f\u00fcr Beziehungen, Zugeh\u00f6rigkeitssysteme und die Art und Weise gesch\u00e4rft, wie Menschen Bedeutung konstruieren &#8211; insbesondere wenn die gewohnten Orientierungspunkte nicht mehr ausreichen.<\/p>\n<p>Diese Frage nach Heimat, Zugeh\u00f6rigkeit und Orientierung pr\u00e4gt bis heute meinen Blick auf Menschen, Beziehungen und Phasen des Wandels.<\/p>\n<h2>\n\t\tMein beruflicher Werdegang\n\t<\/h2>\n\t<p>Neben meiner klinischen und psychotherapeutischen T\u00e4tigkeit habe ich Erfahrungen in verschiedenen beruflichen Kontexten gesammelt, die meine Art, Menschen auf ihrem therapeutischen Weg zu begleiten, bereichern und unterst\u00fctzen.<\/p>\n<h3>\n\t\tAusbildung\n\t<\/h3>\n\t<ul>\n<li>Studium der Psychologie, Universit\u00e4t Salzburg<\/li>\n<li>Prop\u00e4deutikum, Universit\u00e4t Salzburg<\/li>\n<li>Klinische und Gesundheitspsychologie (B\u00d6P)<\/li>\n<li>Spezialisierung in Systemischer Familientherapie (\u00d6AS)<\/li>\n<\/ul>\n<h3>\n\t\tFortbildung\n\t<\/h3>\n\t<ul>\n<li>Master in Klinischer Hypnose, Milton Erickson Institut Turin<\/li>\n<li>Master in Achtsamkeit im klinischen Bereich, Fabrizio Didonna<\/li>\n<li>Achtsamkeitsbasierte kognitive Therapie (MBCT) bei Angstzust\u00e4nden und Depressionen, Fabrizio Didonna<\/li>\n<li>MBCT bei Zwangsst\u00f6rungen, Fabrizio Didonna<\/li>\n<li>Training zur Behandlung von Zwangsst\u00f6rungen, Ipsico Florenz<\/li>\n<li>EMDR, Module 1 und 2, Anna Rita Verardo<\/li>\n<li>Compassion Focused Therapy, Simone Cheli<\/li>\n<\/ul>\n<h3>\n\t\tRelevante berufliche Erfahrungen\n\t<\/h3>\n\t<ul>\n<li>Freiberufliche T\u00e4tigkeit seit 2007<\/li>\n<li>Personalauswahl, BASF Italia<\/li>\n<li>Leitung einer Seniorenresidenz, Villanova d&#8217;Asti<\/li>\n<li>Beratende Lehrerin, International School of Turin<\/li>\n<li>Klinische Psychologin, Familien- und Lebensberatung, Wolfsberg<\/li>\n<li>Klinische Psychologin, Rehabilitationszentrum, Bad Ischl<\/li>\n<li>Psychologin, Frauenzentrum \u201eInneres Salz<\/li>\n<\/ul>\n\n","protected":false},"excerpt":{"rendered":"<p>Dott.ssa Alexandra Viechtbauer Psychologin und Psychotherapeutin, EMDR-Therapeutin, Mindfulness teacher Mein Interesse f\u00fcr Psychologie und innere Prozesse entstand fr\u00fch, bereits w\u00e4hrend meiner Gymnasialzeit, aus dem Wunsch heraus zu verstehen, wie Menschen mit Schwierigkeiten umgehen, Erfahrungen einen Sinn verleihen und in Phasen des Wandels nach Orientierung suchen. Nach meinem Studium der Psychologie und den ersten Jahren meiner&hellip;<\/p>\n","protected":false},"author":1,"featured_media":0,"parent":0,"menu_order":5,"comment_status":"closed","ping_status":"closed","template":"","meta":{"_monsterinsights_skip_tracking":false,"_monsterinsights_sitenote_active":false,"_monsterinsights_sitenote_note":"","_monsterinsights_sitenote_category":0},"_links":{"self":[{"href":"https:\/\/www.salutementis.com\/de\/wp-json\/wp\/v2\/pages\/4587"}],"collection":[{"href":"https:\/\/www.salutementis.com\/de\/wp-json\/wp\/v2\/pages"}],"about":[{"href":"https:\/\/www.salutementis.com\/de\/wp-json\/wp\/v2\/types\/page"}],"author":[{"embeddable":true,"href":"https:\/\/www.salutementis.com\/de\/wp-json\/wp\/v2\/users\/1"}],"replies":[{"embeddable":true,"href":"https:\/\/www.salutementis.com\/de\/wp-json\/wp\/v2\/comments?post=4587"}],"version-history":[{"count":6,"href":"https:\/\/www.salutementis.com\/de\/wp-json\/wp\/v2\/pages\/4587\/revisions"}],"predecessor-version":[{"id":4611,"href":"https:\/\/www.salutementis.com\/de\/wp-json\/wp\/v2\/pages\/4587\/revisions\/4611"}],"wp:attachment":[{"href":"https:\/\/www.salutementis.com\/de\/wp-json\/wp\/v2\/media?parent=4587"}],"curies":[{"name":"wp","href":"https:\/\/api.w.org\/{rel}","templated":true}]}}